{"id":59,"date":"2025-12-09T13:44:14","date_gmt":"2025-12-09T06:44:14","guid":{"rendered":"http:\/\/flatsome.dev\/?page_id=3257"},"modified":"2025-12-09T13:44:12","modified_gmt":"2025-12-09T06:44:12","slug":"mega-shop","status":"publish","type":"page","link":"https:\/\/ys8811.bet\/","title":{"rendered":"Ys8811 com &#8211; Trang ch\u1ee7 YS88.COM | T\u1eb7ng 100% ti\u1ec1n n\u1ea1p \u0111\u1ea7u"},"content":{"rendered":"<div class=\"slider-wrapper relative\" id=\"slider-72724850\" >\n    <div class=\"slider slider-nav-circle slider-nav-large slider-nav-light slider-style-normal\"\n        data-flickity-options='{\n            \"cellAlign\": \"center\",\n            \"imagesLoaded\": true,\n            \"lazyLoad\": 1,\n            \"freeScroll\": false,\n            \"wrapAround\": true,\n            \"autoPlay\": 5000,\n            \"pauseAutoPlayOnHover\" : false,\n            \"prevNextButtons\": true,\n            \"contain\" : true,\n            \"adaptiveHeight\" : true,\n            \"dragThreshold\" : 10,\n            \"percentPosition\": true,\n            \"pageDots\": false,\n            \"rightToLeft\": false,\n            \"draggable\": true,\n            \"selectedAttraction\": 0.1,\n            \"parallax\" : 0,\n            \"friction\": 0.6        }'\n        >\n        \n\t<div class=\"img has-hover x md-x lg-x y md-y lg-y\" id=\"image_873245030\">\n\t\t\t\t\t\t\t\t<div class=\"img-inner dark\" >\n\t\t\t<img loading=\"lazy\" decoding=\"async\" width=\"1020\" height=\"300\" src=\"https:\/\/ys8811.bet\/wp-content\/uploads\/2025\/12\/nap-dau-ys8811-tang-100.webp\" class=\"attachment-large size-large\" alt=\"N\u1ea1p ti\u1ec1n l\u1ea7n \u0111\u1ea7u v\u00e0o ys8811 t\u1eb7ng 100% gi\u00e1 tr\u1ecb\" srcset=\"https:\/\/ys8811.bet\/wp-content\/uploads\/2025\/12\/nap-dau-ys8811-tang-100.webp 1020w, https:\/\/ys8811.bet\/wp-content\/uploads\/2025\/12\/nap-dau-ys8811-tang-100-300x88.webp 300w, https:\/\/ys8811.bet\/wp-content\/uploads\/2025\/12\/nap-dau-ys8811-tang-100-768x226.webp 768w\" sizes=\"auto, (max-width: 1020px) 100vw, 1020px\" \/>\t\t\t\t\t\t\n\t\t\t\t\t<\/div>\n\t\t\t\t\t\t\t\t\n<style>\n#image_873245030 {\n  width: 100%;\n}\n<\/style>\n\t<\/div>\n\t\n     <\/div>\n\n     <div class=\"loading-spin dark large centered\"><\/div>\n\n\t<\/div>\n\n\n\n\t<section class=\"section section1 dark hide-for-small\" id=\"section_348318407\">\n\t\t<div class=\"section-bg fill\" >\n\t\t\t\t\t\t\t\t\t<button class=\"scroll-for-more z-5 icon absolute bottom h-center\" aria-label=\"Cu\u1ed9n \u0111\u1ec3 bi\u1ebft th\u00eam\"><i class=\"icon-angle-down\" style=\"font-size:42px;\" ><\/i><\/button>\n\t\t\t\n\n\t\t<\/div>\n\n\t\t\n\n\t\t<div class=\"section-content relative\">\n\t\t\t\n<div class=\"row row-collapse row-full-width align-center row1\"  id=\"row-1568969163\">\n\n\t<div id=\"col-1414383050\" class=\"col small-12 large-12\"  >\n\t\t\t\t<div class=\"col-inner text-center\"  >\n\t\t\t\n\t\t\t\n<div class=\"col-inner text-center\">\n<div id=\"row-321306411\" class=\"row row-collapse\">\n<div class=\"col medium-2 small-4 large-2\">\n<div class=\"col-inner\">\n<div class=\"bullhornMain\"><i class=\"fa fa-bullhorn\" aria-hidden=\"true\"><\/i> Th\u00f4ng b\u00e1o<\/div>\n<\/div>\n<\/div>\n<div class=\"col medium-10 small-8 large-10\">\n<div class=\"col-inner\">\n<p>Ys8811 com &#8211; Trang ch\u1ee7 t\u1ed5ng h\u1ee3p th\u1ec3 thao h\u1ea5p d\u1eabn b\u00f3ng \u0111\u00e1, b\u00f3ng r\u1ed5, tenis, b\u00f3ng b\u00e0n c\u1ea7u l\u00f4ng&#8230; tr\u1ef1c ti\u1ebfp t\u1ea5t c\u1ea3 c\u00e1c tr\u1eadn \u0111\u1ea5u th\u00f4ng b\u00e1o k\u00e8o chi ti\u1ebft. Khuy\u1ebfn m\u00e3i n\u1ea1p \u0111\u1ea7u 100% t\u0103ng v\u1ed1n c\u01b0\u1ee3c tr\u1ea3i nghi\u1ec7m<\/p>\n<\/div>\n<\/div>\n\t\t<\/div>\n\t\t\t\t\n<style>\n#col-1414383050 > .col-inner {\n  padding: 57px 0px 2px 0px;\n  margin: -43px 29px -21px -8px;\n}\n<\/style>\n\t<\/div>\n\n\t\n\n<style>\n#row-1568969163 > .col > .col-inner {\n  padding: 51px 8px 5px 0px;\n}\n<\/style>\n<\/div>\n\t\t<\/div>\n\n\t\t\n<style>\n#section_348318407 {\n  padding-top: 0px;\n  padding-bottom: 0px;\n  margin-bottom: 0px;\n  min-height: 0px;\n}\n<\/style>\n\t<\/section>\n\t\n\n\t<section class=\"section hide-for-small\" id=\"section_1656714908\">\n\t\t<div class=\"section-bg fill\" >\n\t\t\t\t\t\t\t\t\t\n\t\t\t\n\n\t\t<\/div>\n\n\t\t\n\n\t\t<div class=\"section-content relative\">\n\t\t\t\n<div class=\"container section-title-container\" ><h2 class=\"section-title section-title-center\"><b><\/b><span class=\"section-title-main\" style=\"color:rgb(255, 0, 0);\">TRANG CH\u1ee6 \u0110\u0102NG NH\u1eacP NH\u00c0 C\u00c1I YS88<\/span><b><\/b><\/h2><\/div>\n<div class=\"row\"  id=\"row-54890040\">\n\n\t<div id=\"col-1235553841\" class=\"col medium-4 small-12 large-4\"  >\n\t\t\t\t<div class=\"col-inner\"  >\n\t\t\t\n\t\t\t\n\t<div class=\"box has-hover   has-hover box-shadow-2 box-text-bottom\" >\n\n\t\t<div class=\"box-image\" style=\"width:98%;\">\n\t\t\t\t\t\t<div class=\"image-zoom\" >\n\t\t\t\t<img loading=\"lazy\" decoding=\"async\" width=\"657\" height=\"436\" src=\"https:\/\/ys8811.bet\/wp-content\/uploads\/2019\/08\/20170120212844-casino.jpg\" class=\"attachment- size-\" alt=\"\" srcset=\"https:\/\/ys8811.bet\/wp-content\/uploads\/2019\/08\/20170120212844-casino.jpg 657w, https:\/\/ys8811.bet\/wp-content\/uploads\/2019\/08\/20170120212844-casino-300x199.jpg 300w\" sizes=\"auto, (max-width: 657px) 100vw, 657px\" \/>\t\t\t\t\t\t\t\t\t\t\t<\/div>\n\t\t\t\t\t<\/div>\n\n\t\t<div class=\"box-text text-center\" >\n\t\t\t<div class=\"box-text-inner\">\n\t\t\t\t\n<h3><span style=\"color: #ed1c24;\">\u0110\u0102NG NH\u1eacP + T\u1ea2I APP<\/span><\/h3>\n<p><span style=\"color: #282828;\">Truy c\u1eadp v\u00e0o trang ys88 11.com tr\u00ean m\u1ecdi tr\u00ecnh duy\u1ec7t tr\u00ean PC hay \u0111i\u1ec7n tho\u1ea1i c\u00e1 nh\u00e2n \u0111\u1ec1u v\u00e0o nhanh ch\u00f3ng b\u1edfi giao di\u1ec7n game \u0111\u01b0\u1ee3c t\u1ed1i \u01b0u c\u00e1c c\u1ed5ng k\u1ebft n\u1ed1i. Ngo\u00e0i ra trong h\u1ed7 tr\u1ee3 t\u1ea3i app ch\u00ednh th\u1ee9c l\u01b0u tr\u1eef th\u00f4ng b\u00e1o l\u1ecbch t\u1eebng tr\u1eadn \u0111\u1ea5u s\u1edbm nh\u1ea5t.<\/span><\/p>\n\t\t\t<\/div>\n\t\t<\/div>\n\t<\/div>\n\t\n\t\t<\/div>\n\t\t\t\t\t<\/div>\n\n\t\n\n\t<div id=\"col-1613297461\" class=\"col medium-4 small-12 large-4\"  >\n\t\t\t\t<div class=\"col-inner\"  >\n\t\t\t\n\t\t\t\n\t<div class=\"box has-hover   has-hover box-shadow-2 box-text-bottom\" >\n\n\t\t<div class=\"box-image\" >\n\t\t\t\t\t\t<div class=\"image-zoom\" >\n\t\t\t\t<img loading=\"lazy\" decoding=\"async\" width=\"1268\" height=\"828\" src=\"https:\/\/ys8811.bet\/wp-content\/uploads\/2019\/08\/casino_gambling.jpg\" class=\"attachment- size-\" alt=\"\" srcset=\"https:\/\/ys8811.bet\/wp-content\/uploads\/2019\/08\/casino_gambling.jpg 1268w, https:\/\/ys8811.bet\/wp-content\/uploads\/2019\/08\/casino_gambling-300x196.jpg 300w, https:\/\/ys8811.bet\/wp-content\/uploads\/2019\/08\/casino_gambling-1024x669.jpg 1024w, https:\/\/ys8811.bet\/wp-content\/uploads\/2019\/08\/casino_gambling-768x502.jpg 768w\" sizes=\"auto, (max-width: 1268px) 100vw, 1268px\" \/>\t\t\t\t\t\t\t\t\t\t\t<\/div>\n\t\t\t\t\t<\/div>\n\n\t\t<div class=\"box-text text-center\" >\n\t\t\t<div class=\"box-text-inner\">\n\t\t\t\t\n<h3><span style=\"color: #ed1c24;\">\u0110\u0102NG K\u00dd D\u1ec4 D\u00c0NG &amp; B\u1ea2O M\u1eacT<\/span><\/h3>\n<p><span style=\"color: #282828;\">T\u00e0i kho\u1ea3n \u0111\u01b0\u1ee3c t\u1ea1o tr\u00ean trang ys88 .com \u0111\u01a1n gi\u1ea3n d\u1ec5 thao t\u00e1c do c\u00f3 h\u01b0\u1edbng d\u1eabn chi ti\u1ebft nh\u1eadp form m\u1eabu t\u1ea1i m\u1ee5c &#8221; \u0110\u0103ng k\u00fd&#8221;. Th\u00f4ng tin c\u00e1 nh\u00e2n t\u00ean v\u00e0 s\u1ed1 \u0111i\u1ec7n tho\u1ea1i c\u1ea7n cung c\u1ea5p \u0111\u00fang \u0111\u1ec3 x\u00e1c minh b\u1ea3o m\u1eadt t\u00e0i kho\u1ea3n, li\u00ean k\u1ebft th\u1ebb ng\u00e2n h\u00e0ng ph\u1ee5c v\u1ee5 r\u00fat v\u00e0 n\u1ea1p ti\u1ec1n.<\/span><\/p>\n\t\t\t<\/div>\n\t\t<\/div>\n\t<\/div>\n\t\n\t\t<\/div>\n\t\t\t\t\t<\/div>\n\n\t\n\n\t<div id=\"col-1799822346\" class=\"col medium-4 small-12 large-4\"  >\n\t\t\t\t<div class=\"col-inner\"  >\n\t\t\t\n\t\t\t\n\t<div class=\"box has-hover   has-hover box-shadow-2 box-text-bottom\" >\n\n\t\t<div class=\"box-image\" style=\"width:98%;\">\n\t\t\t\t\t\t<div class=\"image-zoom\" >\n\t\t\t\t<img loading=\"lazy\" decoding=\"async\" width=\"2000\" height=\"1334\" src=\"https:\/\/ys8811.bet\/wp-content\/uploads\/2019\/08\/170101-casino.jpeg\" class=\"attachment- size-\" alt=\"\" srcset=\"https:\/\/ys8811.bet\/wp-content\/uploads\/2019\/08\/170101-casino.jpeg 2000w, https:\/\/ys8811.bet\/wp-content\/uploads\/2019\/08\/170101-casino-300x200.jpeg 300w, https:\/\/ys8811.bet\/wp-content\/uploads\/2019\/08\/170101-casino-1024x683.jpeg 1024w, https:\/\/ys8811.bet\/wp-content\/uploads\/2019\/08\/170101-casino-768x512.jpeg 768w, https:\/\/ys8811.bet\/wp-content\/uploads\/2019\/08\/170101-casino-1536x1025.jpeg 1536w\" sizes=\"auto, (max-width: 2000px) 100vw, 2000px\" \/>\t\t\t\t\t\t\t\t\t\t\t<\/div>\n\t\t\t\t\t<\/div>\n\n\t\t<div class=\"box-text text-center\" >\n\t\t\t<div class=\"box-text-inner\">\n\t\t\t\t\n<h3><span style=\"color: #ed1c24;\">DISCLAIMER (TUY\u00caN B\u1ed0 MI\u1ec4N TR\u1eea)<\/span><\/h3>\n<p><span style=\"color: #282828;\">Trang ch\u1ee7 ys8811.bet ho\u1ea1t \u0111\u1ed9ng d\u1ea1ng t\u1ed5ng h\u1ee3p c\u00e1c th\u00f4ng tin chia s\u1ebb t\u1edbi ng\u01b0\u1eddi d\u00f9ng tr\u00ean 18 tu\u1ed5i sinh s\u1ed1ng ngo\u00e0i Vi\u1ec7t Nam v\u1edbi m\u1ee5c \u0111ich tham kh\u1ea3o kh\u00f4ng t\u1ed5 ch\u1ee9c c\u00e1 c\u01b0\u1ee3c hay ho\u1ea1t \u0111\u1ed9ng t\u00e0i ch\u00ednh. M\u1ecdi quy\u1ebft \u0111\u1ecbnh s\u1eed d\u1ee5ng th\u00f4ng tin tr\u00ean ys8811 truy c\u1eadp ra b\u00ean th\u1ee9 3 ng\u01b0\u1eddi d\u00f9ng t\u1ef1 ch\u1ecbu ho\u00e0n to\u00e0n tr\u00e1ch nhi\u1ec7m.<\/span><\/p>\n\t\t\t<\/div>\n\t\t<\/div>\n\t<\/div>\n\t\n\t\t<\/div>\n\t\t\t\t\t<\/div>\n\n\t\n<\/div>\n<div class=\"row\"  id=\"row-165793150\">\n\n\t<div id=\"col-1034160073\" class=\"col medium-6 small-12 large-6\"  >\n\t\t\t\t<div class=\"col-inner\"  >\n\t\t\t\n\t\t\t\n<a href=\"https:\/\/gau99qc2.pro\/k0im\" class=\"button primary is-bevel is-large box-shadow-2 box-shadow-3-hover lowercase expand btn-signup\"  >\n\t\t<span>\u0110\u0103ng k\u00fd ngay<\/span>\n\t<\/a>\n\n\t\t<\/div>\n\t\t\t\t\t<\/div>\n\n\t\n\n\t<div id=\"col-1395313238\" class=\"col medium-6 small-12 large-6\"  >\n\t\t\t\t<div class=\"col-inner\"  >\n\t\t\t\n\t\t\t\n<a href=\"https:\/\/gau99qc2.pro\/k0im\" class=\"button success is-bevel is-large box-shadow-2 box-shadow-3-hover lowercase expand btn-help\"  >\n\t\t<span>\u0110\u0103ng nh\u1eadp<\/span>\n\t<\/a>\n\n\t\t<\/div>\n\t\t\t\t\t<\/div>\n\n\t\n\n<style>\n#row-165793150 > .col > .col-inner {\n  padding: 8px 0px 0px 0px;\n}\n<\/style>\n<\/div>\n\t\t<\/div>\n\n\t\t\n<style>\n#section_1656714908 {\n  padding-top: 30px;\n  padding-bottom: 30px;\n}\n<\/style>\n\t<\/section>\n\t\n\n\t<section class=\"section show-for-small\" id=\"section_2018786036\">\n\t\t<div class=\"section-bg fill\" >\n\t\t\t\t\t\t\t\t\t\n\t\t\t\n\n\t\t<\/div>\n\n\t\t\n\n\t\t<div class=\"section-content relative\">\n\t\t\t\n<div class=\"row row-small\"  id=\"row-1478934513\">\n\n\t<div id=\"col-1686861482\" class=\"col medium-6 small-6 large-6\"  >\n\t\t\t\t<div class=\"col-inner\"  >\n\t\t\t\n\t\t\t\n\n  <div class=\"banner has-hover\" id=\"banner-251079941\">\n          <div class=\"banner-inner fill\">\n        <div class=\"banner-bg fill\" >\n            <img loading=\"lazy\" decoding=\"async\" width=\"285\" height=\"354\" src=\"https:\/\/ys8811.bet\/wp-content\/uploads\/2019\/08\/sport-vat.png\" class=\"bg attachment-large size-large\" alt=\"\" \/>                                    \n                    <\/div>\n\t\t\n        <div class=\"banner-layers container\">\n            <div class=\"fill banner-link\"><\/div>            \n   <div id=\"text-box-1482772601\" class=\"text-box banner-layer x50 md-x50 lg-x50 y100 md-y50 lg-y50 res-text\">\n                                <div class=\"text-box-content text dark\">\n              \n              <div class=\"text-inner text-center\">\n                  \n<h4 class=\"uppercase\"><span style=\"font-size: 100%;\">Th\u1ec2 THAO<\/span><\/h4>\n              <\/div>\n           <\/div>\n                            \n<style>\n#text-box-1482772601 {\n  width: 60%;\n}\n#text-box-1482772601 .text-box-content {\n  font-size: 100%;\n}\n<\/style>\n    <\/div>\n \n        <\/div>\n      <\/div>\n\n            \n<style>\n#banner-251079941 {\n  padding-top: 216px;\n  background-color: rgba(255, 255, 255, 0.45);\n}\n#banner-251079941 .banner-bg img {\n  object-position: 53% 55%;\n}\n@media (min-width:550px) {\n  #banner-251079941 {\n    padding-top: 500px;\n  }\n}\n<\/style>\n  <\/div>\n\n\n\t\t<\/div>\n\t\t\t\t\t<\/div>\n\n\t\n\n\t<div id=\"col-585183661\" class=\"col medium-6 small-6 large-6\"  >\n\t\t\t\t<div class=\"col-inner\"  >\n\t\t\t\n\t\t\t\n\n  <div class=\"banner has-hover\" id=\"banner-2101408015\">\n          <div class=\"banner-inner fill\">\n        <div class=\"banner-bg fill\" >\n            <img loading=\"lazy\" decoding=\"async\" width=\"852\" height=\"480\" src=\"https:\/\/ys8811.bet\/wp-content\/uploads\/2019\/08\/11.jpg\" class=\"bg attachment-large size-large\" alt=\"\" \/>                                    \n                    <\/div>\n\t\t\n        <div class=\"banner-layers container\">\n            <div class=\"fill banner-link\"><\/div>            \n   <div id=\"text-box-2002884384\" class=\"text-box banner-layer x100 md-x50 lg-x50 y50 md-y50 lg-y50 res-text\">\n                                <div class=\"text-box-content text dark\">\n              \n              <div class=\"text-inner text-center\">\n                  \n<h4 class=\"uppercase\">CASINO<\/h4>\n              <\/div>\n           <\/div>\n                            \n<style>\n#text-box-2002884384 {\n  width: 60%;\n}\n#text-box-2002884384 .text-box-content {\n  font-size: 100%;\n}\n<\/style>\n    <\/div>\n \n\t<div class=\"img has-hover x0 md-x50 lg-x50 y50 md-y50 lg-y50\" id=\"image_1342850044\">\n\t\t\t\t\t\t\t\t<div class=\"img-inner dark\" >\n\t\t\t<img loading=\"lazy\" decoding=\"async\" width=\"100\" height=\"109\" src=\"https:\/\/ys8811.bet\/wp-content\/uploads\/2019\/08\/img_girl_mc.png\" class=\"attachment-large size-large\" alt=\"\" \/>\t\t\t\t\t\t\n\t\t\t\t\t<\/div>\n\t\t\t\t\t\t\t\t\n<style>\n#image_1342850044 {\n  width: 33%;\n}\n@media (min-width:550px) {\n  #image_1342850044 {\n    width: 100%;\n  }\n}\n<\/style>\n\t<\/div>\n\t\n        <\/div>\n      <\/div>\n\n            \n<style>\n#banner-2101408015 {\n  padding-top: 65px;\n}\n@media (min-width:550px) {\n  #banner-2101408015 {\n    padding-top: 500px;\n  }\n}\n<\/style>\n  <\/div>\n\n\n\t<div id=\"gap-345976085\" class=\"gap-element clearfix\" style=\"display:block; height:auto;\">\n\t\t\n<style>\n#gap-345976085 {\n  padding-top: 10px;\n}\n<\/style>\n\t<\/div>\n\t\n\n  <div class=\"banner has-hover\" id=\"banner-659503143\">\n          <div class=\"banner-inner fill\">\n        <div class=\"banner-bg fill\" >\n                                                \n                    <\/div>\n\t\t\n        <div class=\"banner-layers container\">\n            <div class=\"fill banner-link\"><\/div>            \n   <div id=\"text-box-1901360424\" class=\"text-box banner-layer x100 md-x50 lg-x50 y50 md-y50 lg-y50 res-text\">\n                                <div class=\"text-box-content text dark\">\n              \n              <div class=\"text-inner text-center\">\n                  \n<h4 class=\"uppercase\">X\u00d3C \u0110\u0128A<\/h4>\n              <\/div>\n           <\/div>\n                            \n<style>\n#text-box-1901360424 {\n  width: 60%;\n}\n#text-box-1901360424 .text-box-content {\n  font-size: 100%;\n}\n<\/style>\n    <\/div>\n \n\t<div class=\"img has-hover x0 md-x50 lg-x50 y50 md-y50 lg-y50\" id=\"image_673533268\">\n\t\t\t\t\t\t\t\t<div class=\"img-inner dark\" >\n\t\t\t<img loading=\"lazy\" decoding=\"async\" width=\"100\" height=\"109\" src=\"https:\/\/ys8811.bet\/wp-content\/uploads\/2019\/08\/icon_home_anchor.png\" class=\"attachment-large size-large\" alt=\"\" \/>\t\t\t\t\t\t\n\t\t\t\t\t<\/div>\n\t\t\t\t\t\t\t\t\n<style>\n#image_673533268 {\n  width: 37%;\n}\n@media (min-width:550px) {\n  #image_673533268 {\n    width: 100%;\n  }\n}\n<\/style>\n\t<\/div>\n\t\n        <\/div>\n      <\/div>\n\n            \n<style>\n#banner-659503143 {\n  padding-top: 65px;\n}\n@media (min-width:550px) {\n  #banner-659503143 {\n    padding-top: 500px;\n  }\n}\n<\/style>\n  <\/div>\n\n\n\t<div id=\"gap-1093762799\" class=\"gap-element clearfix\" style=\"display:block; height:auto;\">\n\t\t\n<style>\n#gap-1093762799 {\n  padding-top: 10px;\n}\n<\/style>\n\t<\/div>\n\t\n\n  <div class=\"banner has-hover\" id=\"banner-321873409\">\n          <div class=\"banner-inner fill\">\n        <div class=\"banner-bg fill\" >\n            <img loading=\"lazy\" decoding=\"async\" width=\"1020\" height=\"574\" src=\"https:\/\/ys8811.bet\/wp-content\/uploads\/2019\/08\/13081-01-gradient-designs-powerpoint-backgrounds-16x9-1-1024x576.jpg\" class=\"bg attachment-large size-large\" alt=\"\" \/>                                    \n                    <\/div>\n\t\t\n        <div class=\"banner-layers container\">\n            <div class=\"fill banner-link\"><\/div>            \n   <div id=\"text-box-1297258984\" class=\"text-box banner-layer x100 md-x50 lg-x50 y50 md-y50 lg-y50 res-text\">\n                                <div class=\"text-box-content text dark\">\n              \n              <div class=\"text-inner text-center\">\n                  \n<h4 class=\"uppercase\">GAME<\/h4>\n              <\/div>\n           <\/div>\n                            \n<style>\n#text-box-1297258984 {\n  width: 60%;\n}\n#text-box-1297258984 .text-box-content {\n  font-size: 100%;\n}\n<\/style>\n    <\/div>\n \n\t<div class=\"img has-hover x0 md-x50 lg-x50 y95 md-y50 lg-y50\" id=\"image_1798362062\">\n\t\t\t\t\t\t\t\t<div class=\"img-inner dark\" >\n\t\t\t<img loading=\"lazy\" decoding=\"async\" width=\"100\" height=\"109\" src=\"https:\/\/ys8811.bet\/wp-content\/uploads\/2019\/08\/icon_home_people.png\" class=\"attachment-large size-large\" alt=\"\" \/>\t\t\t\t\t\t\n\t\t\t\t\t<\/div>\n\t\t\t\t\t\t\t\t\n<style>\n#image_1798362062 {\n  width: 36%;\n}\n@media (min-width:550px) {\n  #image_1798362062 {\n    width: 100%;\n  }\n}\n<\/style>\n\t<\/div>\n\t\n        <\/div>\n      <\/div>\n\n            \n<style>\n#banner-321873409 {\n  padding-top: 65px;\n}\n@media (min-width:550px) {\n  #banner-321873409 {\n    padding-top: 500px;\n  }\n}\n<\/style>\n  <\/div>\n\n\n\t\t<\/div>\n\t\t\t\t\t<\/div>\n\n\t\n<\/div>\n<div class=\"row row-small\"  id=\"row-603515665\">\n\n\t<div id=\"col-1299187665\" class=\"col medium-6 small-6 large-6\"  >\n\t\t\t\t<div class=\"col-inner\"  >\n\t\t\t\n\t\t\t\n\n  <div class=\"banner has-hover bg-glow\" id=\"banner-1651859691\">\n          <div class=\"banner-inner fill\">\n        <div class=\"banner-bg fill\" >\n            <img loading=\"lazy\" decoding=\"async\" width=\"852\" height=\"480\" src=\"https:\/\/ys8811.bet\/wp-content\/uploads\/2019\/08\/new11.jpg\" class=\"bg attachment-large size-large\" alt=\"\" \/>                                    \n                    <\/div>\n\t\t\n        <div class=\"banner-layers container\">\n            <div class=\"fill banner-link\"><\/div>            \n   <div id=\"text-box-698857161\" class=\"text-box banner-layer x95 md-x50 lg-x50 y95 md-y50 lg-y50 res-text\">\n                                <div class=\"text-box-content text dark\">\n              \n              <div class=\"text-inner text-center\">\n                  \n<h4 class=\"uppercase\">H\u01b0\u1edbng D\u1eaaN<\/h4>\n              <\/div>\n           <\/div>\n                            \n<style>\n#text-box-698857161 {\n  width: 60%;\n}\n#text-box-698857161 .text-box-content {\n  font-size: 100%;\n}\n<\/style>\n    <\/div>\n \n\t<div class=\"img has-hover x0 md-x50 lg-x50 y95 md-y50 lg-y50\" id=\"image_193338049\">\n\t\t\t\t\t\t\t\t<div class=\"img-inner dark\" >\n\t\t\t<img loading=\"lazy\" decoding=\"async\" width=\"199\" height=\"200\" src=\"https:\/\/ys8811.bet\/wp-content\/uploads\/2019\/08\/ic-down-app.png\" class=\"attachment-large size-large\" alt=\"\" srcset=\"https:\/\/ys8811.bet\/wp-content\/uploads\/2019\/08\/ic-down-app.png 199w, https:\/\/ys8811.bet\/wp-content\/uploads\/2019\/08\/ic-down-app-150x150.png 150w\" sizes=\"auto, (max-width: 199px) 100vw, 199px\" \/>\t\t\t\t\t\t\n\t\t\t\t\t<\/div>\n\t\t\t\t\t\t\t\t\n<style>\n#image_193338049 {\n  width: 35%;\n}\n@media (min-width:550px) {\n  #image_193338049 {\n    width: 100%;\n  }\n}\n<\/style>\n\t<\/div>\n\t\n        <\/div>\n      <\/div>\n\n            \n<style>\n#banner-1651859691 {\n  padding-top: 65px;\n}\n@media (min-width:550px) {\n  #banner-1651859691 {\n    padding-top: 500px;\n  }\n}\n<\/style>\n  <\/div>\n\n\n\t\t<\/div>\n\t\t\t\t\t<\/div>\n\n\t\n\n\t<div id=\"col-1454864012\" class=\"col medium-6 small-6 large-6\"  >\n\t\t\t\t<div class=\"col-inner\"  >\n\t\t\t\n\t\t\t\n\n  <div class=\"banner has-hover\" id=\"banner-163940276\">\n          <div class=\"banner-inner fill\">\n        <div class=\"banner-bg fill\" >\n            <img loading=\"lazy\" decoding=\"async\" width=\"852\" height=\"480\" src=\"https:\/\/ys8811.bet\/wp-content\/uploads\/2019\/08\/1-1.jpg\" class=\"bg attachment-large size-large\" alt=\"\" \/>                                    \n                    <\/div>\n\t\t\n        <div class=\"banner-layers container\">\n            <div class=\"fill banner-link\"><\/div>            \n   <div id=\"text-box-1962221663\" class=\"text-box banner-layer x100 md-x50 lg-x50 y50 md-y50 lg-y50 res-text\">\n                                <div class=\"text-box-content text dark\">\n              \n              <div class=\"text-inner text-center\">\n                  \n<h4 class=\"uppercase\">X\u1ed4 S\u1ed0<\/h4>\n              <\/div>\n           <\/div>\n                            \n<style>\n#text-box-1962221663 {\n  width: 60%;\n}\n#text-box-1962221663 .text-box-content {\n  font-size: 100%;\n}\n<\/style>\n    <\/div>\n \n\t<div class=\"img has-hover x0 md-x50 lg-x50 y50 md-y50 lg-y50\" id=\"image_1593713988\">\n\t\t\t\t\t\t\t\t<div class=\"img-inner dark\" >\n\t\t\t<img loading=\"lazy\" decoding=\"async\" width=\"100\" height=\"109\" src=\"https:\/\/ys8811.bet\/wp-content\/uploads\/2019\/08\/ic_mobi_ball.png\" class=\"attachment-large size-large\" alt=\"\" \/>\t\t\t\t\t\t\n\t\t\t\t\t<\/div>\n\t\t\t\t\t\t\t\t\n<style>\n#image_1593713988 {\n  width: 38%;\n}\n@media (min-width:550px) {\n  #image_1593713988 {\n    width: 100%;\n  }\n}\n<\/style>\n\t<\/div>\n\t\n        <\/div>\n      <\/div>\n\n            \n<style>\n#banner-163940276 {\n  padding-top: 65px;\n}\n@media (min-width:550px) {\n  #banner-163940276 {\n    padding-top: 500px;\n  }\n}\n<\/style>\n  <\/div>\n\n\n\t\t<\/div>\n\t\t\t\t\t<\/div>\n\n\t\n<\/div>\n\t\t<\/div>\n\n\t\t\n<style>\n#section_2018786036 {\n  padding-top: 30px;\n  padding-bottom: 30px;\n}\n<\/style>\n\t<\/section>\n\t\n<\/div>\n<\/div>\n","protected":false},"excerpt":{"rendered":"","protected":false},"author":1,"featured_media":0,"parent":0,"menu_order":9,"comment_status":"closed","ping_status":"closed","template":"page-blank.php","meta":{"footnotes":""},"class_list":["post-59","page","type-page","status-publish","hentry"],"_links":{"self":[{"href":"https:\/\/ys8811.bet\/index.php?rest_route=\/wp\/v2\/pages\/59","targetHints":{"allow":["GET"]}}],"collection":[{"href":"https:\/\/ys8811.bet\/index.php?rest_route=\/wp\/v2\/pages"}],"about":[{"href":"https:\/\/ys8811.bet\/index.php?rest_route=\/wp\/v2\/types\/page"}],"author":[{"embeddable":true,"href":"https:\/\/ys8811.bet\/index.php?rest_route=\/wp\/v2\/users\/1"}],"replies":[{"embeddable":true,"href":"https:\/\/ys8811.bet\/index.php?rest_route=%2Fwp%2Fv2%2Fcomments&post=59"}],"version-history":[{"count":7,"href":"https:\/\/ys8811.bet\/index.php?rest_route=\/wp\/v2\/pages\/59\/revisions"}],"predecessor-version":[{"id":1885,"href":"https:\/\/ys8811.bet\/index.php?rest_route=\/wp\/v2\/pages\/59\/revisions\/1885"}],"wp:attachment":[{"href":"https:\/\/ys8811.bet\/index.php?rest_route=%2Fwp%2Fv2%2Fmedia&parent=59"}],"curies":[{"name":"wp","href":"https:\/\/api.w.org\/{rel}","templated":true}]}}